{"id":2512,"date":"2024-10-11T17:19:15","date_gmt":"2024-10-11T17:19:15","guid":{"rendered":"http:\/\/34.201.72.212\/?page_id=2512"},"modified":"2024-12-01T08:08:36","modified_gmt":"2024-12-01T13:08:36","slug":"modixplastique2","status":"publish","type":"page","link":"https:\/\/www.modixeco.com\/fr\/modixplastique2\/","title":{"rendered":"Modix Plastique old"},"content":{"rendered":"<div data-elementor-type=\"wp-page\" data-elementor-id=\"2512\" class=\"elementor elementor-2512\" data-elementor-post-type=\"page\">\n\t\t\t\t<div class=\"elementor-element elementor-element-2d2520e e-flex e-con-boxed e-con e-parent\" data-id=\"2d2520e\" data-element_type=\"container\" data-e-type=\"container\" data-settings=\"{&quot;background_background&quot;:&quot;classic&quot;}\">\n\t\t\t\t\t<div class=\"e-con-inner\">\n\t\t<div class=\"elementor-element elementor-element-9fe8e35 e-flex e-con-boxed e-con e-child\" data-id=\"9fe8e35\" data-element_type=\"container\" data-e-type=\"container\" data-settings=\"{&quot;background_background&quot;:&quot;classic&quot;}\">\n\t\t\t\t\t<div class=\"e-con-inner\">\n\t\t\t\t<div class=\"elementor-element elementor-element-5bdee4d elementor-widget elementor-widget-heading\" data-id=\"5bdee4d\" data-element_type=\"widget\" data-e-type=\"widget\" data-widget_type=\"heading.default\">\n\t\t\t\t\t<h2 class=\"elementor-heading-title elementor-size-default\">MODIX PLASTIQUE INC.<\/h2>\t\t\t\t<\/div>\n\t\t\t\t<div class=\"elementor-element elementor-element-9074600 elementor-widget elementor-widget-text-editor\" data-id=\"9074600\" data-element_type=\"widget\" data-e-type=\"widget\" data-widget_type=\"text-editor.default\">\n\t\t\t\t\t\t\t\t\t<p><strong>Nous effectuons un traitement complet des films plastiques de diff\u00e9rentes qualit\u00e9s, depuis le d\u00e9chiquetage, le lavage jusqu'\u00e0 la granulation, nos mati\u00e8res premi\u00e8res comprennent : MRF (Material from Recycling Facilities), Grade A, Grade B et Agri-films.<\/strong><\/p>\t\t\t\t\t\t\t\t<\/div>\n\t\t\t\t\t<\/div>\n\t\t\t\t<\/div>\n\t\t\t\t\t<\/div>\n\t\t\t\t<\/div>\n\t\t<div class=\"elementor-element elementor-element-56a8274 e-flex e-con-boxed e-con e-parent\" data-id=\"56a8274\" data-element_type=\"container\" data-e-type=\"container\" data-settings=\"{&quot;background_background&quot;:&quot;classic&quot;}\">\n\t\t\t\t\t<div class=\"e-con-inner\">\n\t\t<div class=\"elementor-element elementor-element-56dc092 e-con-full e-flex e-con e-child\" data-id=\"56dc092\" data-element_type=\"container\" data-e-type=\"container\">\n\t\t\t\t<div class=\"elementor-element elementor-element-a997ff9 elementor-widget elementor-widget-spacer\" data-id=\"a997ff9\" data-element_type=\"widget\" data-e-type=\"widget\" data-widget_type=\"spacer.default\">\n\t\t\t\t\t\t\t<div class=\"elementor-spacer\">\n\t\t\t<div class=\"elementor-spacer-inner\"><\/div>\n\t\t<\/div>\n\t\t\t\t\t\t<\/div>\n\t\t<div class=\"elementor-element elementor-element-618f436 e-con-full e-flex e-con e-child\" data-id=\"618f436\" data-element_type=\"container\" data-e-type=\"container\">\n\t\t\t\t<div class=\"elementor-element elementor-element-9343424 elementor-widget elementor-widget-heading\" data-id=\"9343424\" data-element_type=\"widget\" data-e-type=\"widget\" data-widget_type=\"heading.default\">\n\t\t\t\t\t<h2 class=\"elementor-heading-title elementor-size-default\">A propos de nous<\/h2>\t\t\t\t<\/div>\n\t\t\t\t<div class=\"elementor-element elementor-element-94a3633 elementor-widget elementor-widget-text-editor\" data-id=\"94a3633\" data-element_type=\"widget\" data-e-type=\"widget\" data-widget_type=\"text-editor.default\">\n\t\t\t\t\t\t\t\t\t<p>Modix Plastique INC. est un fabricant de r\u00e9sines LDPE retrait\u00e9es de haute qualit\u00e9 en op\u00e9rant un traitement complet des films plastiques LDPE post-consommation collect\u00e9s par les centres de recyclage et autres sources principalement au Qu\u00e9bec et \u00e0 travers l'Am\u00e9rique du Nord.<\/p><p>La mission de Modix Plastique INC est de stimuler l'\u00e9conomie du cercle en donnant une seconde vie aux d\u00e9chets plastiques, gr\u00e2ce \u00e0 la valeur ajout\u00e9e cr\u00e9\u00e9e par nos scientifiques et op\u00e9rateurs, les d\u00e9chets ont \u00e9t\u00e9 transform\u00e9s en excellentes mati\u00e8res premi\u00e8res qui peuvent \u00eatre utilis\u00e9es par divers fabricants de produits en plastique.<\/p><p>Modix Plastique INC am\u00e9liore constamment sa technologie afin de r\u00e9duire le volume des d\u00e9chets de plastique mis en d\u00e9charge et de diminuer l'utilisation de granul\u00e9s vierges dans l'industrie de la production de plastique.<\/p><p>Nous travaillons avec de plus en plus de partenaires pour r\u00e9duire l'impact environnemental et mieux contribuer au d\u00e9veloppement durable des communaut\u00e9s locales dans le monde entier.<\/p><p>En 2020, Modix a trait\u00e9 plus de 2 000 tonnes de d\u00e9chets plastiques g\u00e9n\u00e9r\u00e9s par la communaut\u00e9 locale. L'engagement de Modix a permis d'\u00e9conomiser plus de 1 000 tonnes d'\u00e9missions de carbone, 5 000 tonnes de p\u00e9trole brut et 8 000 M3 de d\u00e9chets.<\/p><p>La plupart des d\u00e9chets plastiques provenaient des installations de recyclage locales. Toutes les granules retrait\u00e9es fabriqu\u00e9es \u00e0 partir de ces d\u00e9chets plastiques sont retourn\u00e9es dans la cha\u00eene de valeur de l'\u00e9conomie circulaire et contribuent \u00e0 leur seconde vie dans de nombreux secteurs diff\u00e9rents tels que la construction, les nouveaux mat\u00e9riaux composites, les emballages souples, etc.<\/p>\t\t\t\t\t\t\t\t<\/div>\n\t\t\t\t<\/div>\n\t\t\t\t<\/div>\n\t\t<div class=\"elementor-element elementor-element-345b226 e-con-full e-flex e-con e-child\" data-id=\"345b226\" data-element_type=\"container\" data-e-type=\"container\">\n\t\t<div class=\"elementor-element elementor-element-de0d7b7 e-con-full e-flex e-con e-child\" data-id=\"de0d7b7\" data-element_type=\"container\" data-e-type=\"container\">\n\t\t\t\t<div class=\"elementor-element elementor-element-4055e3a elementor-widget elementor-widget-spacer\" data-id=\"4055e3a\" data-element_type=\"widget\" data-e-type=\"widget\" data-widget_type=\"spacer.default\">\n\t\t\t\t\t\t\t<div class=\"elementor-spacer\">\n\t\t\t<div class=\"elementor-spacer-inner\"><\/div>\n\t\t<\/div>\n\t\t\t\t\t\t<\/div>\n\t\t\t\t<\/div>\n\t\t<div class=\"elementor-element elementor-element-4b4fed4 e-con-full e-flex e-con e-child\" data-id=\"4b4fed4\" data-element_type=\"container\" data-e-type=\"container\">\n\t\t\t\t<div class=\"elementor-element elementor-element-dd57369 elementor-widget elementor-widget-image\" data-id=\"dd57369\" data-element_type=\"widget\" data-e-type=\"widget\" data-widget_type=\"image.default\">\n\t\t\t\t\t\t\t\t\t\t\t\t\t\t\t<img fetchpriority=\"high\" decoding=\"async\" width=\"806\" height=\"605\" src=\"https:\/\/www.modixplastique.ca\/wp-content\/uploads\/2024\/10\/plastique.jpg\" class=\"attachment-large size-large wp-image-2519\" alt=\"\" srcset=\"https:\/\/www.modixplastique.ca\/wp-content\/uploads\/2024\/10\/plastique.jpg 806w, https:\/\/www.modixplastique.ca\/wp-content\/uploads\/2024\/10\/plastique-300x225.jpg 300w, https:\/\/www.modixplastique.ca\/wp-content\/uploads\/2024\/10\/plastique-768x576.jpg 768w\" sizes=\"(max-width: 806px) 100vw, 806px\" \/>\t\t\t\t\t\t\t\t\t\t\t\t\t\t\t<\/div>\n\t\t\t\t<\/div>\n\t\t\t\t<\/div>\n\t\t\t\t\t<\/div>\n\t\t\t\t<\/div>\n\t\t<div class=\"elementor-element elementor-element-4a6cb27 e-flex e-con-boxed e-con e-parent\" data-id=\"4a6cb27\" data-element_type=\"container\" data-e-type=\"container\">\n\t\t\t\t\t<div class=\"e-con-inner\">\n\t\t\t\t<div class=\"elementor-element elementor-element-036b46a elementor-widget elementor-widget-heading\" data-id=\"036b46a\" data-element_type=\"widget\" data-e-type=\"widget\" data-widget_type=\"heading.default\">\n\t\t\t\t\t<h2 class=\"elementor-heading-title elementor-size-default\">Products<\/h2>\t\t\t\t<\/div>\n\t\t\t\t\t<\/div>\n\t\t\t\t<\/div>\n\t\t<div class=\"elementor-element elementor-element-06afe30 e-flex e-con-boxed e-con e-parent\" data-id=\"06afe30\" data-element_type=\"container\" data-e-type=\"container\">\n\t\t\t\t\t<div class=\"e-con-inner\">\n\t\t<div class=\"elementor-element elementor-element-cb0c746 e-con-full e-flex e-con e-child\" data-id=\"cb0c746\" data-element_type=\"container\" data-e-type=\"container\">\n\t\t\t\t<div class=\"elementor-element elementor-element-87f8e9c elementor-widget elementor-widget-image\" data-id=\"87f8e9c\" data-element_type=\"widget\" data-e-type=\"widget\" data-widget_type=\"image.default\">\n\t\t\t\t\t\t\t\t\t\t\t\t<figure class=\"wp-caption\">\n\t\t\t\t\t\t\t\t\t\t<img decoding=\"async\" width=\"150\" height=\"150\" src=\"https:\/\/www.modixplastique.ca\/wp-content\/uploads\/2024\/10\/m11-150x150.jpg\" class=\"attachment-thumbnail size-thumbnail wp-image-2540\" alt=\"\" \/>\t\t\t\t\t\t\t\t\t\t\t<figcaption class=\"widget-image-caption wp-caption-text\">MRF<\/figcaption>\n\t\t\t\t\t\t\t\t\t\t<\/figure>\n\t\t\t\t\t\t\t\t\t<\/div>\n\t\t\t\t<\/div>\n\t\t<div class=\"elementor-element elementor-element-5cdc8b2 e-con-full e-flex e-con e-child\" data-id=\"5cdc8b2\" data-element_type=\"container\" data-e-type=\"container\">\n\t\t\t\t<div class=\"elementor-element elementor-element-5df592f elementor-widget elementor-widget-image\" data-id=\"5df592f\" data-element_type=\"widget\" data-e-type=\"widget\" data-widget_type=\"image.default\">\n\t\t\t\t\t\t\t\t\t\t\t\t<figure class=\"wp-caption\">\n\t\t\t\t\t\t\t\t\t\t<img decoding=\"async\" width=\"150\" height=\"131\" src=\"https:\/\/www.modixplastique.ca\/wp-content\/uploads\/2024\/10\/bl11-e1728678588576-150x131.jpg\" class=\"attachment-thumbnail size-thumbnail wp-image-2538\" alt=\"\" \/>\t\t\t\t\t\t\t\t\t\t\t<figcaption class=\"widget-image-caption wp-caption-text\">Blue<\/figcaption>\n\t\t\t\t\t\t\t\t\t\t<\/figure>\n\t\t\t\t\t\t\t\t\t<\/div>\n\t\t\t\t<\/div>\n\t\t<div class=\"elementor-element elementor-element-db554a9 e-con-full e-flex e-con e-child\" data-id=\"db554a9\" data-element_type=\"container\" data-e-type=\"container\">\n\t\t\t\t<div class=\"elementor-element elementor-element-9a216a7 elementor-widget elementor-widget-image\" data-id=\"9a216a7\" data-element_type=\"widget\" data-e-type=\"widget\" data-widget_type=\"image.default\">\n\t\t\t\t\t\t\t\t\t\t\t\t<figure class=\"wp-caption\">\n\t\t\t\t\t\t\t\t\t\t<img loading=\"lazy\" decoding=\"async\" width=\"150\" height=\"150\" src=\"https:\/\/www.modixplastique.ca\/wp-content\/uploads\/2024\/10\/b11-150x150.jpg\" class=\"attachment-thumbnail size-thumbnail wp-image-2537\" alt=\"\" \/>\t\t\t\t\t\t\t\t\t\t\t<figcaption class=\"widget-image-caption wp-caption-text\">Black<\/figcaption>\n\t\t\t\t\t\t\t\t\t\t<\/figure>\n\t\t\t\t\t\t\t\t\t<\/div>\n\t\t\t\t<\/div>\n\t\t<div class=\"elementor-element elementor-element-73813de e-con-full e-flex e-con e-child\" data-id=\"73813de\" data-element_type=\"container\" data-e-type=\"container\">\n\t\t\t\t<div class=\"elementor-element elementor-element-d3f3b36 elementor-widget elementor-widget-image\" data-id=\"d3f3b36\" data-element_type=\"widget\" data-e-type=\"widget\" data-widget_type=\"image.default\">\n\t\t\t\t\t\t\t\t\t\t\t\t<figure class=\"wp-caption\">\n\t\t\t\t\t\t\t\t\t\t<img loading=\"lazy\" decoding=\"async\" width=\"147\" height=\"150\" src=\"https:\/\/www.modixplastique.ca\/wp-content\/uploads\/2024\/10\/w11-147x150.jpg\" class=\"attachment-thumbnail size-thumbnail wp-image-2543\" alt=\"\" \/>\t\t\t\t\t\t\t\t\t\t\t<figcaption class=\"widget-image-caption wp-caption-text\">White<\/figcaption>\n\t\t\t\t\t\t\t\t\t\t<\/figure>\n\t\t\t\t\t\t\t\t\t<\/div>\n\t\t\t\t<div class=\"elementor-element elementor-element-bcff834 elementor-align-right elementor-widget elementor-widget-button\" data-id=\"bcff834\" data-element_type=\"widget\" data-e-type=\"widget\" data-widget_type=\"button.default\">\n\t\t\t\t\t\t\t\t\t\t<a class=\"elementor-button elementor-button-link elementor-size-sm\" href=\"\/fr\/products\/\">\n\t\t\t\t\t\t<span class=\"elementor-button-content-wrapper\">\n\t\t\t\t\t\t\t\t\t<span class=\"elementor-button-text\">More<\/span>\n\t\t\t\t\t<\/span>\n\t\t\t\t\t<\/a>\n\t\t\t\t\t\t\t\t<\/div>\n\t\t\t\t<\/div>\n\t\t\t\t\t<\/div>\n\t\t\t\t<\/div>\n\t\t<div class=\"elementor-element elementor-element-1e6f7f2 e-flex e-con-boxed e-con e-parent\" data-id=\"1e6f7f2\" data-element_type=\"container\" data-e-type=\"container\">\n\t\t\t\t\t<div class=\"e-con-inner\">\n\t\t\t\t<div class=\"elementor-element elementor-element-8adcafd elementor-widget elementor-widget-spacer\" data-id=\"8adcafd\" data-element_type=\"widget\" data-e-type=\"widget\" data-widget_type=\"spacer.default\">\n\t\t\t\t\t\t\t<div class=\"elementor-spacer\">\n\t\t\t<div class=\"elementor-spacer-inner\"><\/div>\n\t\t<\/div>\n\t\t\t\t\t\t<\/div>\n\t\t\t\t\t<\/div>\n\t\t\t\t<\/div>\n\t\t<div class=\"elementor-element elementor-element-100fa5c e-flex e-con-boxed e-con e-parent\" data-id=\"100fa5c\" data-element_type=\"container\" data-e-type=\"container\">\n\t\t\t\t\t<div class=\"e-con-inner\">\n\t\t\t\t\t<\/div>\n\t\t\t\t<\/div>\n\t\t<div class=\"elementor-element elementor-element-a41858b e-flex e-con-boxed e-con e-parent\" data-id=\"a41858b\" data-element_type=\"container\" data-e-type=\"container\">\n\t\t\t\t\t<div class=\"e-con-inner\">\n\t\t\t\t<div class=\"elementor-element elementor-element-81fedfb elementor-widget elementor-widget-heading\" data-id=\"81fedfb\" data-element_type=\"widget\" data-e-type=\"widget\" data-widget_type=\"heading.default\">\n\t\t\t\t\t<h2 class=\"elementor-heading-title elementor-size-default\">Certificates<\/h2>\t\t\t\t<\/div>\n\t\t\t\t\t<\/div>\n\t\t\t\t<\/div>\n\t\t<div class=\"elementor-element elementor-element-bf4fed5 e-flex e-con-boxed e-con e-parent\" data-id=\"bf4fed5\" data-element_type=\"container\" data-e-type=\"container\">\n\t\t\t\t\t<div class=\"e-con-inner\">\n\t\t<div class=\"elementor-element elementor-element-1f9ef74 e-con-full e-flex e-con e-child\" data-id=\"1f9ef74\" data-element_type=\"container\" data-e-type=\"container\">\n\t\t\t\t<div class=\"elementor-element elementor-element-9c97b3e elementor-widget elementor-widget-image\" data-id=\"9c97b3e\" data-element_type=\"widget\" data-e-type=\"widget\" data-widget_type=\"image.default\">\n\t\t\t\t\t\t\t\t\t\t\t\t\t\t\t<img loading=\"lazy\" decoding=\"async\" width=\"750\" height=\"500\" src=\"https:\/\/www.modixplastique.ca\/wp-content\/uploads\/2024\/10\/fff-750x500-1.png\" class=\"attachment-large size-large wp-image-2595\" alt=\"\" srcset=\"https:\/\/www.modixplastique.ca\/wp-content\/uploads\/2024\/10\/fff-750x500-1.png 750w, https:\/\/www.modixplastique.ca\/wp-content\/uploads\/2024\/10\/fff-750x500-1-300x200.png 300w\" sizes=\"(max-width: 750px) 100vw, 750px\" \/>\t\t\t\t\t\t\t\t\t\t\t\t\t\t\t<\/div>\n\t\t\t\t<\/div>\n\t\t<div class=\"elementor-element elementor-element-add8941 e-con-full e-flex e-con e-child\" data-id=\"add8941\" data-element_type=\"container\" data-e-type=\"container\">\n\t\t\t\t<div class=\"elementor-element elementor-element-d19db9d elementor-widget elementor-widget-image\" data-id=\"d19db9d\" data-element_type=\"widget\" data-e-type=\"widget\" data-widget_type=\"image.default\">\n\t\t\t\t\t\t\t\t\t\t\t\t\t\t\t<img loading=\"lazy\" decoding=\"async\" width=\"1024\" height=\"788\" src=\"https:\/\/www.modixplastique.ca\/wp-content\/uploads\/2024\/10\/SCS-2025-1024x788.png\" class=\"attachment-large size-large wp-image-2616\" alt=\"\" srcset=\"https:\/\/www.modixplastique.ca\/wp-content\/uploads\/2024\/10\/SCS-2025-1024x788.png 1024w, https:\/\/www.modixplastique.ca\/wp-content\/uploads\/2024\/10\/SCS-2025-300x231.png 300w, https:\/\/www.modixplastique.ca\/wp-content\/uploads\/2024\/10\/SCS-2025-768x591.png 768w, https:\/\/www.modixplastique.ca\/wp-content\/uploads\/2024\/10\/SCS-2025.png 1061w\" sizes=\"(max-width: 1024px) 100vw, 1024px\" \/>\t\t\t\t\t\t\t\t\t\t\t\t\t\t\t<\/div>\n\t\t\t\t<\/div>\n\t\t\t\t\t<\/div>\n\t\t\t\t<\/div>\n\t\t\t\t<\/div>","protected":false},"excerpt":{"rendered":"<p>MODIX PLASTIQUE INC. We do full treatment of plastic films of different grades from shredding, washing till granulating, our feedstock includes: MRF (Material from Recycling Facilities), Grade A, Grade B and Agri-films. ABOUT US Modix Plastique INC is a manufacturer of high-quality LDPE Reprocessed resins by operating a full treatment of Post-consumer plastic LDPE films [&hellip;]<\/p>\n","protected":false},"author":1,"featured_media":0,"parent":0,"menu_order":0,"comment_status":"closed","ping_status":"closed","template":"","meta":{"_uag_custom_page_level_css":"","_monsterinsights_skip_tracking":false,"_monsterinsights_sitenote_active":false,"_monsterinsights_sitenote_note":"","_monsterinsights_sitenote_category":0,"site-sidebar-layout":"no-sidebar","site-content-layout":"page-builder","ast-site-content-layout":"full-width-container","site-content-style":"default","site-sidebar-style":"default","ast-global-header-display":"","ast-banner-title-visibility":"","ast-main-header-display":"","ast-hfb-above-header-display":"","ast-hfb-below-header-display":"","ast-hfb-mobile-header-display":"","site-post-title":"disabled","ast-breadcrumbs-content":"","ast-featured-img":"disabled","footer-sml-layout":"","theme-transparent-header-meta":"","adv-header-id-meta":"","stick-header-meta":"","header-above-stick-meta":"","header-main-stick-meta":"","header-below-stick-meta":"","astra-migrate-meta-layouts":"default","ast-page-background-enabled":"default","ast-page-background-meta":{"desktop":{"background-color":"","background-image":"","background-repeat":"repeat","background-position":"center center","background-size":"auto","background-attachment":"scroll","background-type":"","background-media":"","overlay-type":"","overlay-color":"","overlay-opacity":"","overlay-gradient":""},"tablet":{"background-color":"","background-image":"","background-repeat":"repeat","background-position":"center center","background-size":"auto","background-attachment":"scroll","background-type":"","background-media":"","overlay-type":"","overlay-color":"","overlay-opacity":"","overlay-gradient":""},"mobile":{"background-color":"","background-image":"","background-repeat":"repeat","background-position":"center center","background-size":"auto","background-attachment":"scroll","background-type":"","background-media":"","overlay-type":"","overlay-color":"","overlay-opacity":"","overlay-gradient":""}},"ast-content-background-meta":{"desktop":{"background-color":"var(--ast-global-color-5)","background-image":"","background-repeat":"repeat","background-position":"center center","background-size":"auto","background-attachment":"scroll","background-type":"","background-media":"","overlay-type":"","overlay-color":"","overlay-opacity":"","overlay-gradient":""},"tablet":{"background-color":"var(--ast-global-color-5)","background-image":"","background-repeat":"repeat","background-position":"center center","background-size":"auto","background-attachment":"scroll","background-type":"","background-media":"","overlay-type":"","overlay-color":"","overlay-opacity":"","overlay-gradient":""},"mobile":{"background-color":"var(--ast-global-color-5)","background-image":"","background-repeat":"repeat","background-position":"center center","background-size":"auto","background-attachment":"scroll","background-type":"","background-media":"","overlay-type":"","overlay-color":"","overlay-opacity":"","overlay-gradient":""}},"footnotes":""},"class_list":["post-2512","page","type-page","status-publish","hentry"],"uagb_featured_image_src":{"full":false,"thumbnail":false,"medium":false,"medium_large":false,"large":false,"1536x1536":false,"2048x2048":false,"trp-custom-language-flag":false},"uagb_author_info":{"display_name":"user","author_link":"https:\/\/www.modixeco.com\/fr\/author\/user\/"},"uagb_comment_info":0,"uagb_excerpt":"MODIX PLASTIQUE INC. We do full treatment of plastic films of different grades from shredding, washing till granulating, our feedstock includes: MRF (Material from Recycling Facilities), Grade A, Grade B and Agri-films. ABOUT US Modix Plastique INC is a manufacturer of high-quality LDPE Reprocessed resins by operating a full treatment of Post-consumer plastic LDPE films&hellip;","_links":{"self":[{"href":"https:\/\/www.modixeco.com\/fr\/wp-json\/wp\/v2\/pages\/2512","targetHints":{"allow":["GET"]}}],"collection":[{"href":"https:\/\/www.modixeco.com\/fr\/wp-json\/wp\/v2\/pages"}],"about":[{"href":"https:\/\/www.modixeco.com\/fr\/wp-json\/wp\/v2\/types\/page"}],"author":[{"embeddable":true,"href":"https:\/\/www.modixeco.com\/fr\/wp-json\/wp\/v2\/users\/1"}],"replies":[{"embeddable":true,"href":"https:\/\/www.modixeco.com\/fr\/wp-json\/wp\/v2\/comments?post=2512"}],"version-history":[{"count":56,"href":"https:\/\/www.modixeco.com\/fr\/wp-json\/wp\/v2\/pages\/2512\/revisions"}],"predecessor-version":[{"id":3108,"href":"https:\/\/www.modixeco.com\/fr\/wp-json\/wp\/v2\/pages\/2512\/revisions\/3108"}],"wp:attachment":[{"href":"https:\/\/www.modixeco.com\/fr\/wp-json\/wp\/v2\/media?parent=2512"}],"curies":[{"name":"wp","href":"https:\/\/api.w.org\/{rel}","templated":true}]}}