{"id":2563,"date":"2024-10-11T21:05:17","date_gmt":"2024-10-11T21:05:17","guid":{"rendered":"http:\/\/34.201.72.212\/?page_id=2563"},"modified":"2024-11-04T03:12:48","modified_gmt":"2024-11-04T08:12:48","slug":"home","status":"publish","type":"page","link":"https:\/\/www.modixeco.com\/fr\/","title":{"rendered":"Home"},"content":{"rendered":"<div data-elementor-type=\"wp-page\" data-elementor-id=\"2563\" class=\"elementor elementor-2563\" data-elementor-post-type=\"page\">\n\t\t\t\t<div class=\"elementor-element elementor-element-5101c81 e-con-full e-flex e-con e-parent\" data-id=\"5101c81\" data-element_type=\"container\" data-e-type=\"container\">\n\t\t<div class=\"elementor-element elementor-element-98fab11 e-flex e-con-boxed e-con e-child\" data-id=\"98fab11\" data-element_type=\"container\" data-e-type=\"container\" data-settings=\"{&quot;background_background&quot;:&quot;classic&quot;}\">\n\t\t\t\t\t<div class=\"e-con-inner\">\n\t\t\t\t<div class=\"elementor-element elementor-element-930887e elementor-widget elementor-widget-heading\" data-id=\"930887e\" data-element_type=\"widget\" data-e-type=\"widget\" data-widget_type=\"heading.default\">\n\t\t\t\t\t<h1 class=\"elementor-heading-title elementor-size-default\">MODIX ECO GROUP<\/h1>\t\t\t\t<\/div>\n\t\t\t\t<div class=\"elementor-element elementor-element-ff3a99f elementor-widget elementor-widget-heading\" data-id=\"ff3a99f\" data-element_type=\"widget\" data-e-type=\"widget\" data-widget_type=\"heading.default\">\n\t\t\t\t\t<h3 class=\"elementor-heading-title elementor-size-default\">Plus de recyclage, moins de pollution, une meilleure plan\u00e8te !<\/h3>\t\t\t\t<\/div>\n\t\t\t\t\t<\/div>\n\t\t\t\t<\/div>\n\t\t\t\t<\/div>\n\t\t<div class=\"elementor-element elementor-element-f1d6e42 e-flex e-con-boxed e-con e-parent\" data-id=\"f1d6e42\" data-element_type=\"container\" data-e-type=\"container\">\n\t\t\t\t\t<div class=\"e-con-inner\">\n\t\t\t\t<div class=\"elementor-element elementor-element-866fa94 elementor-widget elementor-widget-spacer\" data-id=\"866fa94\" data-element_type=\"widget\" data-e-type=\"widget\" data-widget_type=\"spacer.default\">\n\t\t\t\t\t\t\t<div class=\"elementor-spacer\">\n\t\t\t<div class=\"elementor-spacer-inner\"><\/div>\n\t\t<\/div>\n\t\t\t\t\t\t<\/div>\n\t\t\t\t\t<\/div>\n\t\t\t\t<\/div>\n\t\t<div class=\"elementor-element elementor-element-f620b7a e-flex e-con-boxed e-con e-parent\" data-id=\"f620b7a\" data-element_type=\"container\" data-e-type=\"container\">\n\t\t\t\t\t<div class=\"e-con-inner\">\n\t\t\t\t<div class=\"elementor-element elementor-element-ba0ebdc elementor-widget elementor-widget-heading\" data-id=\"ba0ebdc\" data-element_type=\"widget\" data-e-type=\"widget\" data-widget_type=\"heading.default\">\n\t\t\t\t\t<h4 class=\"elementor-heading-title elementor-size-default\">A propos de nous<\/h4>\t\t\t\t<\/div>\n\t\t\t\t<div class=\"elementor-element elementor-element-b2c6705 elementor-widget elementor-widget-text-editor\" data-id=\"b2c6705\" data-element_type=\"widget\" data-e-type=\"widget\" data-widget_type=\"text-editor.default\">\n\t\t\t\t\t\t\t\t\t<p>S'appuyant sur le succ\u00e8s de Modix Plastique depuis plusieurs ann\u00e9es dans le secteur du recyclage des plastiques, Modix Eco Group a \u00e9t\u00e9 cr\u00e9\u00e9 en 2022.<\/p><p>Bas\u00e9 dans l'industrie du recyclage des plastiques, Modix Eco Group permettra \u00e0 Modix Plastique Inc. de continuer \u00e0 construire davantage d'usines de plastiques recycl\u00e9s en Am\u00e9rique du Nord, tout en s'orientant vers d'autres domaines de la protection de l'environnement, tels que des solutions globales pour la fabrication de plastiques recycl\u00e9s, la production de produits en plastique recycl\u00e9, le recyclage des pneus et la production d'\u00e9nergie \u00e0 partir de d\u00e9chets.<\/p><p>It is the mission of every employee of Modix Eco Group to protect the environment and care for the planet!<\/p>\t\t\t\t\t\t\t\t<\/div>\n\t\t\t\t\t<\/div>\n\t\t\t\t<\/div>\n\t\t<div class=\"elementor-element elementor-element-28f984b e-flex e-con-boxed e-con e-parent\" data-id=\"28f984b\" data-element_type=\"container\" data-e-type=\"container\">\n\t\t\t\t\t<div class=\"e-con-inner\">\n\t\t\t\t<div class=\"elementor-element elementor-element-fefac4c elementor-widget elementor-widget-spacer\" data-id=\"fefac4c\" data-element_type=\"widget\" data-e-type=\"widget\" data-widget_type=\"spacer.default\">\n\t\t\t\t\t\t\t<div class=\"elementor-spacer\">\n\t\t\t<div class=\"elementor-spacer-inner\"><\/div>\n\t\t<\/div>\n\t\t\t\t\t\t<\/div>\n\t\t\t\t\t<\/div>\n\t\t\t\t<\/div>\n\t\t<div class=\"elementor-element elementor-element-f9b9136 e-flex e-con-boxed e-con e-parent\" data-id=\"f9b9136\" data-element_type=\"container\" data-e-type=\"container\">\n\t\t\t\t\t<div class=\"e-con-inner\">\n\t\t\t\t<div class=\"elementor-element elementor-element-bbb8d55 elementor-widget elementor-widget-heading\" data-id=\"bbb8d55\" data-element_type=\"widget\" data-e-type=\"widget\" data-widget_type=\"heading.default\">\n\t\t\t\t\t<h4 class=\"elementor-heading-title elementor-size-default\">Filiales de Modix Eco Group<\/h4>\t\t\t\t<\/div>\n\t\t\t\t\t<\/div>\n\t\t\t\t<\/div>\n\t\t<div class=\"elementor-element elementor-element-3b57615 e-grid e-con-boxed e-con e-parent\" data-id=\"3b57615\" data-element_type=\"container\" data-e-type=\"container\">\n\t\t\t\t\t<div class=\"e-con-inner\">\n\t\t\t\t<div class=\"elementor-element elementor-element-4b6b716 elementor-widget elementor-widget-image\" data-id=\"4b6b716\" data-element_type=\"widget\" data-e-type=\"widget\" data-widget_type=\"image.default\">\n\t\t\t\t\t\t\t\t\t\t\t\t<figure class=\"wp-caption\">\n\t\t\t\t\t\t\t\t\t\t\t<a href=\"\/fr\/modixplastique\/\">\n\t\t\t\t\t\t\t<img fetchpriority=\"high\" decoding=\"async\" width=\"300\" height=\"200\" src=\"https:\/\/www.modixeco.ca\/wp-content\/uploads\/2024\/10\/modixplastique-1.png\" class=\"attachment-medium size-medium wp-image-2481\" alt=\"\" \/>\t\t\t\t\t\t\t\t<\/a>\n\t\t\t\t\t\t\t\t\t\t\t<figcaption class=\"widget-image-caption wp-caption-text\">Modix Plastique Inc.<\/figcaption>\n\t\t\t\t\t\t\t\t\t\t<\/figure>\n\t\t\t\t\t\t\t\t\t<\/div>\n\t\t\t\t<div class=\"elementor-element elementor-element-f3c19be elementor-widget elementor-widget-image\" data-id=\"f3c19be\" data-element_type=\"widget\" data-e-type=\"widget\" data-widget_type=\"image.default\">\n\t\t\t\t\t\t\t\t\t\t\t\t<figure class=\"wp-caption\">\n\t\t\t\t\t\t\t\t\t\t\t<a href=\"\/fr\/eco\/\">\n\t\t\t\t\t\t\t<img decoding=\"async\" width=\"300\" height=\"200\" src=\"https:\/\/www.modixeco.ca\/wp-content\/uploads\/2024\/10\/modix-eco-300x200-1.png\" class=\"attachment-medium size-medium wp-image-2479\" alt=\"\" \/>\t\t\t\t\t\t\t\t<\/a>\n\t\t\t\t\t\t\t\t\t\t\t<figcaption class=\"widget-image-caption wp-caption-text\">Modix Eco Inc.<\/figcaption>\n\t\t\t\t\t\t\t\t\t\t<\/figure>\n\t\t\t\t\t\t\t\t\t<\/div>\n\t\t\t\t<div class=\"elementor-element elementor-element-de9e15c elementor-widget elementor-widget-image\" data-id=\"de9e15c\" data-element_type=\"widget\" data-e-type=\"widget\" data-widget_type=\"image.default\">\n\t\t\t\t\t\t\t\t\t\t\t\t<figure class=\"wp-caption\">\n\t\t\t\t\t\t\t\t\t\t\t<a href=\"\/fr\/tech\/\">\n\t\t\t\t\t\t\t<img decoding=\"async\" width=\"300\" height=\"200\" src=\"https:\/\/www.modixeco.ca\/wp-content\/uploads\/2024\/10\/modix-tech.png\" class=\"attachment-medium size-medium wp-image-2480\" alt=\"\" \/>\t\t\t\t\t\t\t\t<\/a>\n\t\t\t\t\t\t\t\t\t\t\t<figcaption class=\"widget-image-caption wp-caption-text\">Modix Tech Inc.<\/figcaption>\n\t\t\t\t\t\t\t\t\t\t<\/figure>\n\t\t\t\t\t\t\t\t\t<\/div>\n\t\t\t\t\t<\/div>\n\t\t\t\t<\/div>\n\t\t\t\t<\/div>","protected":false},"excerpt":{"rendered":"<p>MODIX ECO GROUP More recycling, less pollution, better planet! About us Building on Modix Plastique\u2019s up to several years of success in the plastics recycling sector, Modix Eco Group was established in 2022. Based in the plastics recycling industry, Modix Eco Group will lead Modix Plastique Inc to continue to build more recycled plastics plants [&hellip;]<\/p>\n","protected":false},"author":1,"featured_media":2491,"parent":0,"menu_order":0,"comment_status":"closed","ping_status":"closed","template":"","meta":{"_uag_custom_page_level_css":"","_monsterinsights_skip_tracking":false,"_monsterinsights_sitenote_active":false,"_monsterinsights_sitenote_note":"","_monsterinsights_sitenote_category":0,"site-sidebar-layout":"no-sidebar","site-content-layout":"page-builder","ast-site-content-layout":"full-width-container","site-content-style":"default","site-sidebar-style":"default","ast-global-header-display":"","ast-banner-title-visibility":"","ast-main-header-display":"","ast-hfb-above-header-display":"","ast-hfb-below-header-display":"","ast-hfb-mobile-header-display":"","site-post-title":"disabled","ast-breadcrumbs-content":"","ast-featured-img":"disabled","footer-sml-layout":"","theme-transparent-header-meta":"","adv-header-id-meta":"","stick-header-meta":"","header-above-stick-meta":"","header-main-stick-meta":"","header-below-stick-meta":"","astra-migrate-meta-layouts":"default","ast-page-background-enabled":"default","ast-page-background-meta":{"desktop":{"background-color":"","background-image":"","background-repeat":"repeat","background-position":"center center","background-size":"auto","background-attachment":"scroll","background-type":"","background-media":"","overlay-type":"","overlay-color":"","overlay-opacity":"","overlay-gradient":""},"tablet":{"background-color":"","background-image":"","background-repeat":"repeat","background-position":"center center","background-size":"auto","background-attachment":"scroll","background-type":"","background-media":"","overlay-type":"","overlay-color":"","overlay-opacity":"","overlay-gradient":""},"mobile":{"background-color":"","background-image":"","background-repeat":"repeat","background-position":"center center","background-size":"auto","background-attachment":"scroll","background-type":"","background-media":"","overlay-type":"","overlay-color":"","overlay-opacity":"","overlay-gradient":""}},"ast-content-background-meta":{"desktop":{"background-color":"var(--ast-global-color-5)","background-image":"","background-repeat":"repeat","background-position":"center center","background-size":"auto","background-attachment":"scroll","background-type":"","background-media":"","overlay-type":"","overlay-color":"","overlay-opacity":"","overlay-gradient":""},"tablet":{"background-color":"var(--ast-global-color-5)","background-image":"","background-repeat":"repeat","background-position":"center center","background-size":"auto","background-attachment":"scroll","background-type":"","background-media":"","overlay-type":"","overlay-color":"","overlay-opacity":"","overlay-gradient":""},"mobile":{"background-color":"var(--ast-global-color-5)","background-image":"","background-repeat":"repeat","background-position":"center center","background-size":"auto","background-attachment":"scroll","background-type":"","background-media":"","overlay-type":"","overlay-color":"","overlay-opacity":"","overlay-gradient":""}},"footnotes":""},"class_list":["post-2563","page","type-page","status-publish","has-post-thumbnail","hentry"],"uagb_featured_image_src":{"full":["https:\/\/www.modixeco.com\/wp-content\/uploads\/2024\/10\/logo-from-felix-frame-1.png",400,400,false],"thumbnail":["https:\/\/www.modixeco.com\/wp-content\/uploads\/2024\/10\/logo-from-felix-frame-1-150x150.png",150,150,true],"medium":["https:\/\/www.modixeco.com\/wp-content\/uploads\/2024\/10\/logo-from-felix-frame-1-300x300.png",300,300,true],"medium_large":["https:\/\/www.modixeco.com\/wp-content\/uploads\/2024\/10\/logo-from-felix-frame-1.png",400,400,false],"large":["https:\/\/www.modixeco.com\/wp-content\/uploads\/2024\/10\/logo-from-felix-frame-1.png",400,400,false],"1536x1536":["https:\/\/www.modixeco.com\/wp-content\/uploads\/2024\/10\/logo-from-felix-frame-1.png",400,400,false],"2048x2048":["https:\/\/www.modixeco.com\/wp-content\/uploads\/2024\/10\/logo-from-felix-frame-1.png",400,400,false],"trp-custom-language-flag":["https:\/\/www.modixeco.com\/wp-content\/uploads\/2024\/10\/logo-from-felix-frame-1.png",12,12,false]},"uagb_author_info":{"display_name":"user","author_link":"https:\/\/www.modixeco.com\/fr\/author\/user\/"},"uagb_comment_info":0,"uagb_excerpt":"MODIX ECO GROUP More recycling, less pollution, better planet! About us Building on Modix Plastique\u2019s up to several years of success in the plastics recycling sector, Modix Eco Group was established in 2022. Based in the plastics recycling industry, Modix Eco Group will lead Modix Plastique Inc to continue to build more recycled plastics plants&hellip;","_links":{"self":[{"href":"https:\/\/www.modixeco.com\/fr\/wp-json\/wp\/v2\/pages\/2563","targetHints":{"allow":["GET"]}}],"collection":[{"href":"https:\/\/www.modixeco.com\/fr\/wp-json\/wp\/v2\/pages"}],"about":[{"href":"https:\/\/www.modixeco.com\/fr\/wp-json\/wp\/v2\/types\/page"}],"author":[{"embeddable":true,"href":"https:\/\/www.modixeco.com\/fr\/wp-json\/wp\/v2\/users\/1"}],"replies":[{"embeddable":true,"href":"https:\/\/www.modixeco.com\/fr\/wp-json\/wp\/v2\/comments?post=2563"}],"version-history":[{"count":37,"href":"https:\/\/www.modixeco.com\/fr\/wp-json\/wp\/v2\/pages\/2563\/revisions"}],"predecessor-version":[{"id":2790,"href":"https:\/\/www.modixeco.com\/fr\/wp-json\/wp\/v2\/pages\/2563\/revisions\/2790"}],"wp:featuredmedia":[{"embeddable":true,"href":"https:\/\/www.modixeco.com\/fr\/wp-json\/wp\/v2\/media\/2491"}],"wp:attachment":[{"href":"https:\/\/www.modixeco.com\/fr\/wp-json\/wp\/v2\/media?parent=2563"}],"curies":[{"name":"wp","href":"https:\/\/api.w.org\/{rel}","templated":true}]}}