{"id":2593,"date":"2024-10-11T19:03:27","date_gmt":"2024-10-11T23:03:27","guid":{"rendered":"http:\/\/34.201.72.212\/?page_id=2593"},"modified":"2024-10-12T12:23:06","modified_gmt":"2024-10-12T16:23:06","slug":"eco","status":"publish","type":"page","link":"https:\/\/www.modixeco.com\/fr\/eco\/","title":{"rendered":"Modix Eco"},"content":{"rendered":"<div data-elementor-type=\"wp-page\" data-elementor-id=\"2593\" class=\"elementor elementor-2593\" data-elementor-post-type=\"page\">\n\t\t\t\t<div class=\"elementor-element elementor-element-2b9e64c e-flex e-con-boxed e-con e-parent\" data-id=\"2b9e64c\" data-element_type=\"container\" data-e-type=\"container\" data-settings=\"{&quot;background_background&quot;:&quot;classic&quot;}\">\n\t\t\t\t\t<div class=\"e-con-inner\">\n\t\t<div class=\"elementor-element elementor-element-4a7e2b8 e-con-full e-flex e-con e-child\" data-id=\"4a7e2b8\" data-element_type=\"container\" data-e-type=\"container\" data-settings=\"{&quot;background_background&quot;:&quot;classic&quot;}\">\n\t\t\t\t<div class=\"elementor-element elementor-element-d6aa9f1 elementor-widget elementor-widget-heading\" data-id=\"d6aa9f1\" data-element_type=\"widget\" data-e-type=\"widget\" data-widget_type=\"heading.default\">\n\t\t\t\t\t<h1 class=\"elementor-heading-title elementor-size-default\">MODIX ECO INC.<\/h1>\t\t\t\t<\/div>\n\t\t\t\t<\/div>\n\t\t\t\t\t<\/div>\n\t\t\t\t<\/div>\n\t\t<div class=\"elementor-element elementor-element-6b2f8c9 e-flex e-con-boxed e-con e-parent\" data-id=\"6b2f8c9\" data-element_type=\"container\" data-e-type=\"container\">\n\t\t\t\t\t<div class=\"e-con-inner\">\n\t\t\t\t\t<\/div>\n\t\t\t\t<\/div>\n\t\t<div class=\"elementor-element elementor-element-67c0a63 e-flex e-con-boxed e-con e-parent\" data-id=\"67c0a63\" data-element_type=\"container\" data-e-type=\"container\">\n\t\t\t\t\t<div class=\"e-con-inner\">\n\t\t\t\t<div class=\"elementor-element elementor-element-a772379 elementor-widget elementor-widget-heading\" data-id=\"a772379\" data-element_type=\"widget\" data-e-type=\"widget\" data-widget_type=\"heading.default\">\n\t\t\t\t\t<h4 class=\"elementor-heading-title elementor-size-default\">\u00c0 propos de Modix Eco <\/h4>\t\t\t\t<\/div>\n\t\t\t\t<div class=\"elementor-element elementor-element-5bcbde5 elementor-widget elementor-widget-text-editor\" data-id=\"5bcbde5\" data-element_type=\"widget\" data-e-type=\"widget\" data-widget_type=\"text-editor.default\">\n\t\t\t\t\t\t\t\t\t<p>Modix ECO dispose d'une \u00e9quipe de direction hautement exp\u00e9riment\u00e9e sp\u00e9cialis\u00e9e dans l'industrie de fabrication de granul\u00e9s de plastique recycl\u00e9.&nbsp;<\/p><p>En nous appuyant sur l\u2019expertise op\u00e9rationnelle de Modix Plastique, nous avons d\u00e9velopp\u00e9 une approche de gestion globale et cibl\u00e9e.&nbsp;<\/p><p>Nos solutions r\u00e9pondent aux d\u00e9fis uniques du secteur des granul\u00e9s de plastique recycl\u00e9, notamment les mati\u00e8res premi\u00e8res (divers types de films plastiques recycl\u00e9s), les produits finis (granul\u00e9s de plastique recycl\u00e9), les \u00e9quipements de production et les contr\u00f4les environnementaux.&nbsp;<\/p><p>Gr\u00e2ce \u00e0 nos m\u00e9thodologies sp\u00e9cialis\u00e9es, Modix ECO s'engage \u00e0 favoriser l'efficacit\u00e9, la durabilit\u00e9 et la qualit\u00e9 dans l'industrie du plastique recycl\u00e9.<\/p>\t\t\t\t\t\t\t\t<\/div>\n\t\t\t\t\t<\/div>\n\t\t\t\t<\/div>\n\t\t\t\t<\/div>","protected":false},"excerpt":{"rendered":"<p>MODIX ECO INC. About Modix Eco Modix ECO boasts a highly experienced management team specializing in the recycled plastic pellet manufacturing industry.&nbsp; Drawing on the operational expertise of Modix Plastique, we have developed a comprehensive and targeted management approach.&nbsp; Our solutions address the unique challenges of the recycled plastic pellet sector, including raw materials (various [&hellip;]<\/p>\n","protected":false},"author":1,"featured_media":0,"parent":0,"menu_order":0,"comment_status":"closed","ping_status":"closed","template":"","meta":{"_uag_custom_page_level_css":"","_monsterinsights_skip_tracking":false,"_monsterinsights_sitenote_active":false,"_monsterinsights_sitenote_note":"","_monsterinsights_sitenote_category":0,"site-sidebar-layout":"no-sidebar","site-content-layout":"page-builder","ast-site-content-layout":"full-width-container","site-content-style":"default","site-sidebar-style":"default","ast-global-header-display":"","ast-banner-title-visibility":"","ast-main-header-display":"","ast-hfb-above-header-display":"","ast-hfb-below-header-display":"","ast-hfb-mobile-header-display":"","site-post-title":"disabled","ast-breadcrumbs-content":"","ast-featured-img":"disabled","footer-sml-layout":"","theme-transparent-header-meta":"","adv-header-id-meta":"","stick-header-meta":"","header-above-stick-meta":"","header-main-stick-meta":"","header-below-stick-meta":"","astra-migrate-meta-layouts":"default","ast-page-background-enabled":"default","ast-page-background-meta":{"desktop":{"background-color":"","background-image":"","background-repeat":"repeat","background-position":"center center","background-size":"auto","background-attachment":"scroll","background-type":"","background-media":"","overlay-type":"","overlay-color":"","overlay-opacity":"","overlay-gradient":""},"tablet":{"background-color":"","background-image":"","background-repeat":"repeat","background-position":"center center","background-size":"auto","background-attachment":"scroll","background-type":"","background-media":"","overlay-type":"","overlay-color":"","overlay-opacity":"","overlay-gradient":""},"mobile":{"background-color":"","background-image":"","background-repeat":"repeat","background-position":"center center","background-size":"auto","background-attachment":"scroll","background-type":"","background-media":"","overlay-type":"","overlay-color":"","overlay-opacity":"","overlay-gradient":""}},"ast-content-background-meta":{"desktop":{"background-color":"var(--ast-global-color-5)","background-image":"","background-repeat":"repeat","background-position":"center center","background-size":"auto","background-attachment":"scroll","background-type":"","background-media":"","overlay-type":"","overlay-color":"","overlay-opacity":"","overlay-gradient":""},"tablet":{"background-color":"var(--ast-global-color-5)","background-image":"","background-repeat":"repeat","background-position":"center center","background-size":"auto","background-attachment":"scroll","background-type":"","background-media":"","overlay-type":"","overlay-color":"","overlay-opacity":"","overlay-gradient":""},"mobile":{"background-color":"var(--ast-global-color-5)","background-image":"","background-repeat":"repeat","background-position":"center center","background-size":"auto","background-attachment":"scroll","background-type":"","background-media":"","overlay-type":"","overlay-color":"","overlay-opacity":"","overlay-gradient":""}},"footnotes":""},"class_list":["post-2593","page","type-page","status-publish","hentry"],"uagb_featured_image_src":{"full":false,"thumbnail":false,"medium":false,"medium_large":false,"large":false,"1536x1536":false,"2048x2048":false,"trp-custom-language-flag":false},"uagb_author_info":{"display_name":"user","author_link":"https:\/\/www.modixeco.com\/fr\/author\/user\/"},"uagb_comment_info":0,"uagb_excerpt":"MODIX ECO INC. About Modix Eco Modix ECO boasts a highly experienced management team specializing in the recycled plastic pellet manufacturing industry.&nbsp; Drawing on the operational expertise of Modix Plastique, we have developed a comprehensive and targeted management approach.&nbsp; Our solutions address the unique challenges of the recycled plastic pellet sector, including raw materials (various&hellip;","_links":{"self":[{"href":"https:\/\/www.modixeco.com\/fr\/wp-json\/wp\/v2\/pages\/2593","targetHints":{"allow":["GET"]}}],"collection":[{"href":"https:\/\/www.modixeco.com\/fr\/wp-json\/wp\/v2\/pages"}],"about":[{"href":"https:\/\/www.modixeco.com\/fr\/wp-json\/wp\/v2\/types\/page"}],"author":[{"embeddable":true,"href":"https:\/\/www.modixeco.com\/fr\/wp-json\/wp\/v2\/users\/1"}],"replies":[{"embeddable":true,"href":"https:\/\/www.modixeco.com\/fr\/wp-json\/wp\/v2\/comments?post=2593"}],"version-history":[{"count":26,"href":"https:\/\/www.modixeco.com\/fr\/wp-json\/wp\/v2\/pages\/2593\/revisions"}],"predecessor-version":[{"id":2747,"href":"https:\/\/www.modixeco.com\/fr\/wp-json\/wp\/v2\/pages\/2593\/revisions\/2747"}],"wp:attachment":[{"href":"https:\/\/www.modixeco.com\/fr\/wp-json\/wp\/v2\/media?parent=2593"}],"curies":[{"name":"wp","href":"https:\/\/api.w.org\/{rel}","templated":true}]}}