{"id":2614,"date":"2024-10-11T19:30:52","date_gmt":"2024-10-11T23:30:52","guid":{"rendered":"http:\/\/34.201.72.212\/?page_id=2614"},"modified":"2024-11-30T21:09:27","modified_gmt":"2024-12-01T02:09:27","slug":"products","status":"publish","type":"page","link":"https:\/\/www.modixeco.com\/fr\/products\/","title":{"rendered":"Products"},"content":{"rendered":"<div data-elementor-type=\"wp-page\" data-elementor-id=\"2614\" class=\"elementor elementor-2614\" data-elementor-post-type=\"page\">\n\t\t\t\t<div class=\"elementor-element elementor-element-826aa23 e-flex e-con-boxed e-con e-parent\" data-id=\"826aa23\" data-element_type=\"container\" data-e-type=\"container\" data-settings=\"{&quot;background_background&quot;:&quot;video&quot;,&quot;background_video_link&quot;:&quot;https:\\\/\\\/www.modixeco.ca\\\/wp-content\\\/uploads\\\/2024\\\/11\\\/washerrunning.mp4&quot;}\">\n\t\t\t\t\t<div class=\"e-con-inner\">\n\t\t<div class=\"elementor-background-video-container elementor-hidden-mobile\">\n\t\t\t\t\t\t\t<video class=\"elementor-background-video-hosted\" role=\"presentation\" autoplay muted playsinline loop><\/video>\n\t\t\t\t\t<\/div>\t\t<div class=\"elementor-element elementor-element-c44e1cb elementor-widget elementor-widget-heading\" data-id=\"c44e1cb\" data-element_type=\"widget\" data-e-type=\"widget\" data-widget_type=\"heading.default\">\n\t\t\t\t\t<h2 class=\"elementor-heading-title elementor-size-default\">Less waste, more value.<\/h2>\t\t\t\t<\/div>\n\t\t\t\t<div class=\"elementor-element elementor-element-dbc0dd8 elementor-widget elementor-widget-heading\" data-id=\"dbc0dd8\" data-element_type=\"widget\" data-e-type=\"widget\" data-widget_type=\"heading.default\">\n\t\t\t\t\t<h5 class=\"elementor-heading-title elementor-size-default\">Unique and advanced washing process make the difference.<\/h5>\t\t\t\t<\/div>\n\t\t\t\t\t<\/div>\n\t\t\t\t<\/div>\n\t\t<div class=\"elementor-element elementor-element-ab3377b e-flex e-con-boxed e-con e-parent\" data-id=\"ab3377b\" data-element_type=\"container\" data-e-type=\"container\">\n\t\t\t\t\t<div class=\"e-con-inner\">\n\t\t\t\t<div class=\"elementor-element elementor-element-10d449e elementor-nav-menu--dropdown-tablet elementor-nav-menu__text-align-aside elementor-nav-menu--toggle elementor-nav-menu--burger elementor-widget elementor-widget-nav-menu\" data-id=\"10d449e\" data-element_type=\"widget\" data-e-type=\"widget\" data-settings=\"{&quot;layout&quot;:&quot;horizontal&quot;,&quot;submenu_icon&quot;:{&quot;value&quot;:&quot;&lt;svg class=\\&quot;e-font-icon-svg e-fas-caret-down\\&quot; viewBox=\\&quot;0 0 320 512\\&quot; xmlns=\\&quot;http:\\\/\\\/www.w3.org\\\/2000\\\/svg\\&quot;&gt;&lt;path d=\\&quot;M31.3 192h257.3c17.8 0 26.7 21.5 14.1 34.1L174.1 354.8c-7.8 7.8-20.5 7.8-28.3 0L17.2 226.1C4.6 213.5 13.5 192 31.3 192z\\&quot;&gt;&lt;\\\/path&gt;&lt;\\\/svg&gt;&quot;,&quot;library&quot;:&quot;fa-solid&quot;},&quot;toggle&quot;:&quot;burger&quot;}\" data-widget_type=\"nav-menu.default\">\n\t\t\t\t\t\t\t\t<nav aria-label=\"Menu\" class=\"elementor-nav-menu--main elementor-nav-menu__container elementor-nav-menu--layout-horizontal e--pointer-underline e--animation-fade\">\n\t\t\t\t<ul id=\"menu-1-10d449e\" class=\"elementor-nav-menu\"><li class=\"menu-item menu-item-type-post_type menu-item-object-page menu-item-3065\"><a href=\"https:\/\/www.modixeco.com\/fr\/modixplastique\/\" class=\"elementor-item menu-link\">Modix Plastique Home<\/a><\/li>\n<li class=\"menu-item menu-item-type-post_type menu-item-object-page menu-item-3085\"><a href=\"https:\/\/www.modixeco.com\/fr\/whoarewe\/\" class=\"elementor-item menu-link\">Who are we<\/a><\/li>\n<li class=\"menu-item menu-item-type-post_type menu-item-object-page menu-item-3086\"><a href=\"https:\/\/www.modixeco.com\/fr\/products\/\" class=\"elementor-item menu-link\">What we do<\/a><\/li>\n<li class=\"menu-item menu-item-type-post_type menu-item-object-page menu-item-3087\"><a href=\"https:\/\/www.modixeco.com\/fr\/plastiqueservice\/\" class=\"elementor-item menu-link\">Services<\/a><\/li>\n<li class=\"menu-item menu-item-type-post_type menu-item-object-page menu-item-3093\"><a href=\"https:\/\/www.modixeco.com\/fr\/term\/\" class=\"elementor-item menu-link\">Terms and conditions<\/a><\/li>\n<\/ul>\t\t\t<\/nav>\n\t\t\t\t\t<div class=\"elementor-menu-toggle\" role=\"button\" tabindex=\"0\" aria-label=\"Permuter le menu\" aria-expanded=\"false\">\n\t\t\t<svg aria-hidden=\"true\" role=\"presentation\" class=\"elementor-menu-toggle__icon--open e-font-icon-svg e-eicon-menu-bar\" viewbox=\"0 0 1000 1000\" xmlns=\"http:\/\/www.w3.org\/2000\/svg\"><path d=\"M104 333H896C929 333 958 304 958 271S929 208 896 208H104C71 208 42 237 42 271S71 333 104 333ZM104 583H896C929 583 958 554 958 521S929 458 896 458H104C71 458 42 487 42 521S71 583 104 583ZM104 833H896C929 833 958 804 958 771S929 708 896 708H104C71 708 42 737 42 771S71 833 104 833Z\"><\/path><\/svg><svg aria-hidden=\"true\" role=\"presentation\" class=\"elementor-menu-toggle__icon--close e-font-icon-svg e-eicon-close\" viewbox=\"0 0 1000 1000\" xmlns=\"http:\/\/www.w3.org\/2000\/svg\"><path d=\"M742 167L500 408 258 167C246 154 233 150 217 150 196 150 179 158 167 167 154 179 150 196 150 212 150 229 154 242 171 254L408 500 167 742C138 771 138 800 167 829 196 858 225 858 254 829L496 587 738 829C750 842 767 846 783 846 800 846 817 842 829 829 842 817 846 804 846 783 846 767 842 750 829 737L588 500 833 258C863 229 863 200 833 171 804 137 775 137 742 167Z\"><\/path><\/svg>\t\t<\/div>\n\t\t\t\t\t<nav class=\"elementor-nav-menu--dropdown elementor-nav-menu__container\" aria-hidden=\"true\">\n\t\t\t\t<ul id=\"menu-2-10d449e\" class=\"elementor-nav-menu\"><li class=\"menu-item menu-item-type-post_type menu-item-object-page menu-item-3065\"><a href=\"https:\/\/www.modixeco.com\/fr\/modixplastique\/\" class=\"elementor-item menu-link\" tabindex=\"-1\">Modix Plastique Home<\/a><\/li>\n<li class=\"menu-item menu-item-type-post_type menu-item-object-page menu-item-3085\"><a href=\"https:\/\/www.modixeco.com\/fr\/whoarewe\/\" class=\"elementor-item menu-link\" tabindex=\"-1\">Who are we<\/a><\/li>\n<li class=\"menu-item menu-item-type-post_type menu-item-object-page menu-item-3086\"><a href=\"https:\/\/www.modixeco.com\/fr\/products\/\" class=\"elementor-item menu-link\" tabindex=\"-1\">What we do<\/a><\/li>\n<li class=\"menu-item menu-item-type-post_type menu-item-object-page menu-item-3087\"><a href=\"https:\/\/www.modixeco.com\/fr\/plastiqueservice\/\" class=\"elementor-item menu-link\" tabindex=\"-1\">Services<\/a><\/li>\n<li class=\"menu-item menu-item-type-post_type menu-item-object-page menu-item-3093\"><a href=\"https:\/\/www.modixeco.com\/fr\/term\/\" class=\"elementor-item menu-link\" tabindex=\"-1\">Terms and conditions<\/a><\/li>\n<\/ul>\t\t\t<\/nav>\n\t\t\t\t\t\t<\/div>\n\t\t\t\t\t<\/div>\n\t\t\t\t<\/div>\n\t\t<div class=\"elementor-element elementor-element-d0b4d78 e-flex e-con-boxed e-con e-parent\" data-id=\"d0b4d78\" data-element_type=\"container\" data-e-type=\"container\">\n\t\t\t\t\t<div class=\"e-con-inner\">\n\t\t\t\t<div class=\"elementor-element elementor-element-0019e09 elementor-widget elementor-widget-heading\" data-id=\"0019e09\" data-element_type=\"widget\" data-e-type=\"widget\" data-widget_type=\"heading.default\">\n\t\t\t\t\t<h5 class=\"elementor-heading-title elementor-size-default\">Material feedstock<\/h5>\t\t\t\t<\/div>\n\t\t\t\t<div class=\"elementor-element elementor-element-50cff44 elementor-widget elementor-widget-text-editor\" data-id=\"50cff44\" data-element_type=\"widget\" data-e-type=\"widget\" data-widget_type=\"text-editor.default\">\n\t\t\t\t\t\t\t\t\t<p>Nous effectuons un traitement complet des films plastiques de diff\u00e9rentes qualit\u00e9s, depuis le d\u00e9chiquetage, le lavage jusqu'\u00e0 la granulation, nos mati\u00e8res premi\u00e8res comprennent : MRF (Material from Recycling Facilities), Grade A, Grade B et Agri-films.<\/p><p><span lang=\"EN-CA\">We do onsite inspection for every new feedstock; we educate our suppliers to apply our inhouse standards for Post-consumer plastic films. Better sorting gives better quality.<\/span><span style=\"font-style: inherit; font-weight: inherit; color: var( --e-global-color-text ); font-family: var( --e-global-typography-text-font-family ), Sans-serif; text-align: var(--text-align); background-color: var( --e-global-color-d493a73 );\">\u00a0<\/span><\/p>\t\t\t\t\t\t\t\t<\/div>\n\t\t<div class=\"elementor-element elementor-element-01b742c e-grid e-con-full e-con e-child\" data-id=\"01b742c\" data-element_type=\"container\" data-e-type=\"container\">\n\t\t\t\t<div class=\"elementor-element elementor-element-dfbd206 elementor-widget elementor-widget-image\" data-id=\"dfbd206\" data-element_type=\"widget\" data-e-type=\"widget\" data-widget_type=\"image.default\">\n\t\t\t\t\t\t\t\t\t\t\t\t\t\t\t<img fetchpriority=\"high\" decoding=\"async\" width=\"300\" height=\"249\" src=\"https:\/\/www.modixplastique.com\/wp-content\/uploads\/2024\/11\/Agrifilms-300x249.png\" class=\"attachment-medium size-medium wp-image-2987\" alt=\"\" srcset=\"https:\/\/www.modixplastique.com\/wp-content\/uploads\/2024\/11\/Agrifilms-300x249.png 300w, https:\/\/www.modixplastique.com\/wp-content\/uploads\/2024\/11\/Agrifilms-14x12.png 14w, https:\/\/www.modixplastique.com\/wp-content\/uploads\/2024\/11\/Agrifilms.png 509w\" sizes=\"(max-width: 300px) 100vw, 300px\" \/>\t\t\t\t\t\t\t\t\t\t\t\t\t\t\t<\/div>\n\t\t\t\t<div class=\"elementor-element elementor-element-e74a7e1 elementor-widget elementor-widget-image\" data-id=\"e74a7e1\" data-element_type=\"widget\" data-e-type=\"widget\" data-widget_type=\"image.default\">\n\t\t\t\t\t\t\t\t\t\t\t\t\t\t\t<img decoding=\"async\" width=\"300\" height=\"225\" src=\"https:\/\/www.modixplastique.com\/wp-content\/uploads\/2024\/11\/MRF-bales-300x225.jpeg\" class=\"attachment-medium size-medium wp-image-2988\" alt=\"\" srcset=\"https:\/\/www.modixplastique.com\/wp-content\/uploads\/2024\/11\/MRF-bales-300x225.jpeg 300w, https:\/\/www.modixplastique.com\/wp-content\/uploads\/2024\/11\/MRF-bales-1024x768.jpeg 1024w, https:\/\/www.modixplastique.com\/wp-content\/uploads\/2024\/11\/MRF-bales-768x576.jpeg 768w, https:\/\/www.modixplastique.com\/wp-content\/uploads\/2024\/11\/MRF-bales-16x12.jpeg 16w, https:\/\/www.modixplastique.com\/wp-content\/uploads\/2024\/11\/MRF-bales.jpeg 1440w\" sizes=\"(max-width: 300px) 100vw, 300px\" \/>\t\t\t\t\t\t\t\t\t\t\t\t\t\t\t<\/div>\n\t\t\t\t<div class=\"elementor-element elementor-element-87f889a elementor-widget elementor-widget-image\" data-id=\"87f889a\" data-element_type=\"widget\" data-e-type=\"widget\" data-widget_type=\"image.default\">\n\t\t\t\t\t\t\t\t\t\t\t\t\t\t\t<img decoding=\"async\" width=\"300\" height=\"254\" src=\"https:\/\/www.modixplastique.com\/wp-content\/uploads\/2024\/11\/petmoss-300x254.jpg\" class=\"attachment-medium size-medium wp-image-3078\" alt=\"\" srcset=\"https:\/\/www.modixplastique.com\/wp-content\/uploads\/2024\/11\/petmoss-300x254.jpg 300w, https:\/\/www.modixplastique.com\/wp-content\/uploads\/2024\/11\/petmoss-768x650.jpg 768w, https:\/\/www.modixplastique.com\/wp-content\/uploads\/2024\/11\/petmoss-14x12.jpg 14w, https:\/\/www.modixplastique.com\/wp-content\/uploads\/2024\/11\/petmoss.jpg 1000w\" sizes=\"(max-width: 300px) 100vw, 300px\" \/>\t\t\t\t\t\t\t\t\t\t\t\t\t\t\t<\/div>\n\t\t\t\t<\/div>\n\t\t\t\t\t<\/div>\n\t\t\t\t<\/div>\n\t\t<div class=\"elementor-element elementor-element-993352e e-flex e-con-boxed e-con e-parent\" data-id=\"993352e\" data-element_type=\"container\" data-e-type=\"container\">\n\t\t\t\t\t<div class=\"e-con-inner\">\n\t\t\t\t<div class=\"elementor-element elementor-element-4157fed elementor-widget elementor-widget-heading\" data-id=\"4157fed\" data-element_type=\"widget\" data-e-type=\"widget\" data-widget_type=\"heading.default\">\n\t\t\t\t\t<h5 class=\"elementor-heading-title elementor-size-default\">Products<\/h5>\t\t\t\t<\/div>\n\t\t\t\t\t<\/div>\n\t\t\t\t<\/div>\n\t\t<div class=\"elementor-element elementor-element-4523d48 e-flex e-con-boxed e-con e-parent\" data-id=\"4523d48\" data-element_type=\"container\" data-e-type=\"container\">\n\t\t\t\t\t<div class=\"e-con-inner\">\n\t\t<div class=\"elementor-element elementor-element-c192ccd e-grid e-con-full e-con e-child\" data-id=\"c192ccd\" data-element_type=\"container\" data-e-type=\"container\">\n\t\t\t\t<div class=\"elementor-element elementor-element-e24eb9b elementor-widget elementor-widget-image\" data-id=\"e24eb9b\" data-element_type=\"widget\" data-e-type=\"widget\" data-widget_type=\"image.default\">\n\t\t\t\t\t\t\t\t\t\t\t\t<figure class=\"wp-caption\">\n\t\t\t\t\t\t\t\t\t\t\t<a href=\"https:\/\/www.modixeco.ca\/wp-content\/uploads\/2024\/10\/Fiche-WHITE-W11-MASTER-Mar-2023.pdf\">\n\t\t\t\t\t\t\t<img loading=\"lazy\" decoding=\"async\" width=\"147\" height=\"150\" src=\"https:\/\/www.modixplastique.com\/wp-content\/uploads\/2024\/10\/w11-147x150.jpg\" class=\"attachment-thumbnail size-thumbnail wp-image-2543\" alt=\"\" \/>\t\t\t\t\t\t\t\t<\/a>\n\t\t\t\t\t\t\t\t\t\t\t<figcaption class=\"widget-image-caption wp-caption-text\">BLANC \/ WHITE<\/figcaption>\n\t\t\t\t\t\t\t\t\t\t<\/figure>\n\t\t\t\t\t\t\t\t\t<\/div>\n\t\t\t\t<div class=\"elementor-element elementor-element-5e6fcac elementor-widget elementor-widget-image\" data-id=\"5e6fcac\" data-element_type=\"widget\" data-e-type=\"widget\" data-widget_type=\"image.default\">\n\t\t\t\t\t\t\t\t\t\t\t\t<figure class=\"wp-caption\">\n\t\t\t\t\t\t\t\t\t\t\t<a href=\"https:\/\/www.modixeco.ca\/wp-content\/uploads\/2024\/10\/Fiche-MRF-M11-MASTER-Mar-2023.pdf\">\n\t\t\t\t\t\t\t<img loading=\"lazy\" decoding=\"async\" width=\"150\" height=\"150\" src=\"https:\/\/www.modixplastique.com\/wp-content\/uploads\/2024\/10\/m11-150x150.jpg\" class=\"attachment-thumbnail size-thumbnail wp-image-2540\" alt=\"\" \/>\t\t\t\t\t\t\t\t<\/a>\n\t\t\t\t\t\t\t\t\t\t\t<figcaption class=\"widget-image-caption wp-caption-text\">MRF \/ MRF<\/figcaption>\n\t\t\t\t\t\t\t\t\t\t<\/figure>\n\t\t\t\t\t\t\t\t\t<\/div>\n\t\t\t\t<div class=\"elementor-element elementor-element-aff96f9 elementor-widget elementor-widget-image\" data-id=\"aff96f9\" data-element_type=\"widget\" data-e-type=\"widget\" data-widget_type=\"image.default\">\n\t\t\t\t\t\t\t\t\t\t\t\t<figure class=\"wp-caption\">\n\t\t\t\t\t\t\t\t\t\t\t<a href=\"https:\/\/www.modixeco.ca\/wp-content\/uploads\/2024\/10\/Fiche-BLACK-B11-MASTER-Mar-2023.pdf\">\n\t\t\t\t\t\t\t<img loading=\"lazy\" decoding=\"async\" width=\"150\" height=\"150\" src=\"https:\/\/www.modixplastique.com\/wp-content\/uploads\/2024\/10\/b11-150x150.jpg\" class=\"attachment-thumbnail size-thumbnail wp-image-2537\" alt=\"\" \/>\t\t\t\t\t\t\t\t<\/a>\n\t\t\t\t\t\t\t\t\t\t\t<figcaption class=\"widget-image-caption wp-caption-text\">Noir \/ BLACK<\/figcaption>\n\t\t\t\t\t\t\t\t\t\t<\/figure>\n\t\t\t\t\t\t\t\t\t<\/div>\n\t\t\t\t<div class=\"elementor-element elementor-element-790f9d5 elementor-widget elementor-widget-image\" data-id=\"790f9d5\" data-element_type=\"widget\" data-e-type=\"widget\" data-widget_type=\"image.default\">\n\t\t\t\t\t\t\t\t\t\t\t\t<figure class=\"wp-caption\">\n\t\t\t\t\t\t\t\t\t\t\t<a href=\"https:\/\/www.modixeco.ca\/wp-content\/uploads\/2024\/10\/Fiche-NATURAL-N11-MASTER-Mar-2023.pdf\">\n\t\t\t\t\t\t\t<img loading=\"lazy\" decoding=\"async\" width=\"150\" height=\"150\" src=\"https:\/\/www.modixplastique.com\/wp-content\/uploads\/2024\/10\/n11-150x150.jpg\" class=\"attachment-thumbnail size-thumbnail wp-image-2542\" alt=\"\" \/>\t\t\t\t\t\t\t\t<\/a>\n\t\t\t\t\t\t\t\t\t\t\t<figcaption class=\"widget-image-caption wp-caption-text\">NATUREL \/ NATURAL<\/figcaption>\n\t\t\t\t\t\t\t\t\t\t<\/figure>\n\t\t\t\t\t\t\t\t\t<\/div>\n\t\t\t\t<div class=\"elementor-element elementor-element-a733d1f elementor-widget elementor-widget-image\" data-id=\"a733d1f\" data-element_type=\"widget\" data-e-type=\"widget\" data-widget_type=\"image.default\">\n\t\t\t\t\t\t\t\t\t\t\t\t<figure class=\"wp-caption\">\n\t\t\t\t\t\t\t\t\t\t\t<a href=\"https:\/\/www.modixeco.ca\/wp-content\/uploads\/2024\/10\/Fiche-BLUE-BL11-MASTER-Mar-2023.pdf\">\n\t\t\t\t\t\t\t<img loading=\"lazy\" decoding=\"async\" width=\"150\" height=\"131\" src=\"https:\/\/www.modixplastique.com\/wp-content\/uploads\/2024\/10\/bl11-e1728678588576-150x131.jpg\" class=\"attachment-thumbnail size-thumbnail wp-image-2538\" alt=\"\" \/>\t\t\t\t\t\t\t\t<\/a>\n\t\t\t\t\t\t\t\t\t\t\t<figcaption class=\"widget-image-caption wp-caption-text\">BLUE \/ BLUE<\/figcaption>\n\t\t\t\t\t\t\t\t\t\t<\/figure>\n\t\t\t\t\t\t\t\t\t<\/div>\n\t\t\t\t<div class=\"elementor-element elementor-element-fbb6a17 elementor-widget elementor-widget-image\" data-id=\"fbb6a17\" data-element_type=\"widget\" data-e-type=\"widget\" data-widget_type=\"image.default\">\n\t\t\t\t\t\t\t\t\t\t\t\t<figure class=\"wp-caption\">\n\t\t\t\t\t\t\t\t\t\t\t<a href=\"https:\/\/www.modixeco.ca\/wp-content\/uploads\/2024\/10\/Fiche-Mix-Color-MC11-MASTER-Mar-2023.pdf\">\n\t\t\t\t\t\t\t<img loading=\"lazy\" decoding=\"async\" width=\"150\" height=\"150\" src=\"https:\/\/www.modixplastique.com\/wp-content\/uploads\/2024\/10\/mc11-150x150.jpg\" class=\"attachment-thumbnail size-thumbnail wp-image-2541\" alt=\"\" \/>\t\t\t\t\t\t\t\t<\/a>\n\t\t\t\t\t\t\t\t\t\t\t<figcaption class=\"widget-image-caption wp-caption-text\">M\u00e9lang\u00e9es \/ MIXED<\/figcaption>\n\t\t\t\t\t\t\t\t\t\t<\/figure>\n\t\t\t\t\t\t\t\t\t<\/div>\n\t\t\t\t<div class=\"elementor-element elementor-element-c077e01 elementor-widget elementor-widget-image\" data-id=\"c077e01\" data-element_type=\"widget\" data-e-type=\"widget\" data-widget_type=\"image.default\">\n\t\t\t\t\t\t\t\t\t\t\t\t<figure class=\"wp-caption\">\n\t\t\t\t\t\t\t\t\t\t\t<a href=\"https:\/\/www.modixeco.ca\/wp-content\/uploads\/2024\/10\/Fiche-NATURAL-N11-MASTER-Mar-2023.pdf\">\n\t\t\t\t\t\t\t<img loading=\"lazy\" decoding=\"async\" width=\"150\" height=\"150\" src=\"https:\/\/www.modixplastique.com\/wp-content\/uploads\/2024\/10\/4-1-150x150.jpg\" class=\"attachment-thumbnail size-thumbnail wp-image-2604\" alt=\"\" \/>\t\t\t\t\t\t\t\t<\/a>\n\t\t\t\t\t\t\t\t\t\t\t<figcaption class=\"widget-image-caption wp-caption-text\">CLEAR \/ CLEAR<\/figcaption>\n\t\t\t\t\t\t\t\t\t\t<\/figure>\n\t\t\t\t\t\t\t\t\t<\/div>\n\t\t\t\t<div class=\"elementor-element elementor-element-2c4d8c0 elementor-widget elementor-widget-image\" data-id=\"2c4d8c0\" data-element_type=\"widget\" data-e-type=\"widget\" data-widget_type=\"image.default\">\n\t\t\t\t\t\t\t\t\t\t\t\t<figure class=\"wp-caption\">\n\t\t\t\t\t\t\t\t\t\t<img loading=\"lazy\" decoding=\"async\" width=\"150\" height=\"150\" src=\"https:\/\/www.modixplastique.com\/wp-content\/uploads\/2024\/10\/9G3A2856-150x150.png\" class=\"attachment-thumbnail size-thumbnail wp-image-2599\" alt=\"\" \/>\t\t\t\t\t\t\t\t\t\t\t<figcaption class=\"widget-image-caption wp-caption-text\">Products<\/figcaption>\n\t\t\t\t\t\t\t\t\t\t<\/figure>\n\t\t\t\t\t\t\t\t\t<\/div>\n\t\t\t\t<\/div>\n\t\t\t\t\t<\/div>\n\t\t\t\t<\/div>\n\t\t<div class=\"elementor-element elementor-element-9586ddf e-flex e-con-boxed e-con e-parent\" data-id=\"9586ddf\" data-element_type=\"container\" data-e-type=\"container\">\n\t\t\t\t\t<div class=\"e-con-inner\">\n\t\t\t\t\t<\/div>\n\t\t\t\t<\/div>\n\t\t\t\t<\/div>","protected":false},"excerpt":{"rendered":"<p>Less waste, more value. Unique and advanced washing process make the difference. Material feedstock We do full treatment of plastic films of different grades from shredding, washing till granulating, our feedstock includes: MRF (Material from Recycling Facilities), Grade A, Grade B and Agri-films. We do onsite inspection for every new feedstock; we educate our suppliers [&hellip;]<\/p>\n","protected":false},"author":1,"featured_media":0,"parent":0,"menu_order":0,"comment_status":"closed","ping_status":"closed","template":"","meta":{"_uag_custom_page_level_css":"","_monsterinsights_skip_tracking":false,"_monsterinsights_sitenote_active":false,"_monsterinsights_sitenote_note":"","_monsterinsights_sitenote_category":0,"site-sidebar-layout":"no-sidebar","site-content-layout":"page-builder","ast-site-content-layout":"full-width-container","site-content-style":"default","site-sidebar-style":"default","ast-global-header-display":"","ast-banner-title-visibility":"","ast-main-header-display":"","ast-hfb-above-header-display":"","ast-hfb-below-header-display":"","ast-hfb-mobile-header-display":"","site-post-title":"disabled","ast-breadcrumbs-content":"","ast-featured-img":"disabled","footer-sml-layout":"","theme-transparent-header-meta":"","adv-header-id-meta":"","stick-header-meta":"","header-above-stick-meta":"","header-main-stick-meta":"","header-below-stick-meta":"","astra-migrate-meta-layouts":"default","ast-page-background-enabled":"default","ast-page-background-meta":{"desktop":{"background-color":"","background-image":"","background-repeat":"repeat","background-position":"center center","background-size":"auto","background-attachment":"scroll","background-type":"","background-media":"","overlay-type":"","overlay-color":"","overlay-opacity":"","overlay-gradient":""},"tablet":{"background-color":"","background-image":"","background-repeat":"repeat","background-position":"center center","background-size":"auto","background-attachment":"scroll","background-type":"","background-media":"","overlay-type":"","overlay-color":"","overlay-opacity":"","overlay-gradient":""},"mobile":{"background-color":"","background-image":"","background-repeat":"repeat","background-position":"center center","background-size":"auto","background-attachment":"scroll","background-type":"","background-media":"","overlay-type":"","overlay-color":"","overlay-opacity":"","overlay-gradient":""}},"ast-content-background-meta":{"desktop":{"background-color":"var(--ast-global-color-5)","background-image":"","background-repeat":"repeat","background-position":"center center","background-size":"auto","background-attachment":"scroll","background-type":"","background-media":"","overlay-type":"","overlay-color":"","overlay-opacity":"","overlay-gradient":""},"tablet":{"background-color":"var(--ast-global-color-5)","background-image":"","background-repeat":"repeat","background-position":"center center","background-size":"auto","background-attachment":"scroll","background-type":"","background-media":"","overlay-type":"","overlay-color":"","overlay-opacity":"","overlay-gradient":""},"mobile":{"background-color":"var(--ast-global-color-5)","background-image":"","background-repeat":"repeat","background-position":"center center","background-size":"auto","background-attachment":"scroll","background-type":"","background-media":"","overlay-type":"","overlay-color":"","overlay-opacity":"","overlay-gradient":""}},"footnotes":""},"class_list":["post-2614","page","type-page","status-publish","hentry"],"uagb_featured_image_src":{"full":false,"thumbnail":false,"medium":false,"medium_large":false,"large":false,"1536x1536":false,"2048x2048":false,"trp-custom-language-flag":false},"uagb_author_info":{"display_name":"user","author_link":"https:\/\/www.modixeco.com\/fr\/author\/user\/"},"uagb_comment_info":0,"uagb_excerpt":"Less waste, more value. Unique and advanced washing process make the difference. Material feedstock We do full treatment of plastic films of different grades from shredding, washing till granulating, our feedstock includes: MRF (Material from Recycling Facilities), Grade A, Grade B and Agri-films. We do onsite inspection for every new feedstock; we educate our suppliers&hellip;","_links":{"self":[{"href":"https:\/\/www.modixeco.com\/fr\/wp-json\/wp\/v2\/pages\/2614","targetHints":{"allow":["GET"]}}],"collection":[{"href":"https:\/\/www.modixeco.com\/fr\/wp-json\/wp\/v2\/pages"}],"about":[{"href":"https:\/\/www.modixeco.com\/fr\/wp-json\/wp\/v2\/types\/page"}],"author":[{"embeddable":true,"href":"https:\/\/www.modixeco.com\/fr\/wp-json\/wp\/v2\/users\/1"}],"replies":[{"embeddable":true,"href":"https:\/\/www.modixeco.com\/fr\/wp-json\/wp\/v2\/comments?post=2614"}],"version-history":[{"count":76,"href":"https:\/\/www.modixeco.com\/fr\/wp-json\/wp\/v2\/pages\/2614\/revisions"}],"predecessor-version":[{"id":3084,"href":"https:\/\/www.modixeco.com\/fr\/wp-json\/wp\/v2\/pages\/2614\/revisions\/3084"}],"wp:attachment":[{"href":"https:\/\/www.modixeco.com\/fr\/wp-json\/wp\/v2\/media?parent=2614"}],"curies":[{"name":"wp","href":"https:\/\/api.w.org\/{rel}","templated":true}]}}